{"id":949,"date":"2023-12-11T18:05:27","date_gmt":"2023-12-11T17:05:27","guid":{"rendered":"https:\/\/gracecollection.pl\/?post_type=product&#038;p=949"},"modified":"2023-12-11T18:06:04","modified_gmt":"2023-12-11T17:06:04","slug":"spodnica-skorzana-5","status":"publish","type":"product","link":"https:\/\/gracecollection.pl\/?product=spodnica-skorzana-5","title":{"rendered":"SP\u00d3DNICA SK\u00d3RZANA"},"content":{"rendered":"","protected":false},"excerpt":{"rendered":"<p>Sp\u00f3dniczka o\u0142\u00f3wkowa z naturalnej skory licowej, bardzo mi\u0119kkiej i wygodnej w kolorze chabrowym. Wysoki stan, dopasowany kr\u00f3j, z ty\u0142u rozporek zapinany na zamek. D\u00f3\u0142 sp\u00f3dniczki wyko\u0144czony perforowan\u0105 koronk\u0105 sk\u00f3rzan\u0105.<\/p>\n<p>ZAMO\u0301W TERAZ ROZMIAR\u2026<\/p>\n<table width=\"487\">\n<tbody>\n<tr>\n<td><\/td>\n<td>XS<\/td>\n<td>S<\/td>\n<td>M<\/td>\n<td>L<\/td>\n<td>XL<\/td>\n<td>XXL<\/td>\n<\/tr>\n<tr>\n<td>biust<\/td>\n<td>86<\/td>\n<td>90<\/td>\n<td>94<\/td>\n<td>98<\/td>\n<td>102<\/td>\n<td>106<\/td>\n<\/tr>\n<tr>\n<td>talia<\/td>\n<td>68<\/td>\n<td>72<\/td>\n<td>76<\/td>\n<td>80<\/td>\n<td>84<\/td>\n<td>88<\/td>\n<\/tr>\n<tr>\n<td>biodra<\/td>\n<td>92<\/td>\n<td>96<\/td>\n<td>100<\/td>\n<td>104<\/td>\n<td>108<\/td>\n<td>112<\/td>\n<\/tr>\n<\/tbody>\n<\/table>\n<p>Czas oczekiwania: do 14 dni roboczych<\/p>\n<p>&nbsp;<\/p>\n","protected":false},"featured_media":956,"comment_status":"open","ping_status":"closed","template":"","meta":[],"product_cat":[37],"product_tag":[],"class_list":{"0":"post-949","1":"product","2":"type-product","3":"status-publish","4":"has-post-thumbnail","6":"product_cat-hity-nowosci","8":"first","9":"onbackorder","10":"shipping-taxable","11":"purchasable","12":"product-type-variable"},"_links":{"self":[{"href":"https:\/\/gracecollection.pl\/index.php?rest_route=\/wp\/v2\/product\/949","targetHints":{"allow":["GET"]}}],"collection":[{"href":"https:\/\/gracecollection.pl\/index.php?rest_route=\/wp\/v2\/product"}],"about":[{"href":"https:\/\/gracecollection.pl\/index.php?rest_route=\/wp\/v2\/types\/product"}],"replies":[{"embeddable":true,"href":"https:\/\/gracecollection.pl\/index.php?rest_route=%2Fwp%2Fv2%2Fcomments&post=949"}],"wp:featuredmedia":[{"embeddable":true,"href":"https:\/\/gracecollection.pl\/index.php?rest_route=\/wp\/v2\/media\/956"}],"wp:attachment":[{"href":"https:\/\/gracecollection.pl\/index.php?rest_route=%2Fwp%2Fv2%2Fmedia&parent=949"}],"wp:term":[{"taxonomy":"product_cat","embeddable":true,"href":"https:\/\/gracecollection.pl\/index.php?rest_route=%2Fwp%2Fv2%2Fproduct_cat&post=949"},{"taxonomy":"product_tag","embeddable":true,"href":"https:\/\/gracecollection.pl\/index.php?rest_route=%2Fwp%2Fv2%2Fproduct_tag&post=949"}],"curies":[{"name":"wp","href":"https:\/\/api.w.org\/{rel}","templated":true}]}}