{"id":815,"date":"2023-12-02T17:44:25","date_gmt":"2023-12-02T16:44:25","guid":{"rendered":"https:\/\/gracecollection.pl\/?post_type=product&#038;p=815"},"modified":"2023-12-04T12:33:48","modified_gmt":"2023-12-04T11:33:48","slug":"natalie-c","status":"publish","type":"product","link":"https:\/\/gracecollection.pl\/?product=natalie-c","title":{"rendered":"NATALIE \u2013 C"},"content":{"rendered":"","protected":false},"excerpt":{"rendered":"<p>Torebka sk\u00f3rzana w r\u00f3\u017cnych kombinacjach kolor\u00f3w pastelowych, klapka zapinana na ozdobn\u0105 klamerk\u0119, na bokach ozdobne metalowe d\u017cety, pasek d\u0142ugi \u0142\u0105czony z \u0142a\u0144cuszkiem. Pomimo niewielkiego rozmiaru bardzo pakowny \u015brodek z kieszonk\u0105.<\/p>\n<p>JEDYNY EGZEPLARZ<\/p>\n","protected":false},"featured_media":816,"comment_status":"open","ping_status":"closed","template":"","meta":[],"product_cat":[34],"product_tag":[],"class_list":{"0":"post-815","1":"product","2":"type-product","3":"status-publish","4":"has-post-thumbnail","6":"product_cat-torebki","8":"first","9":"instock","10":"shipping-taxable","11":"purchasable","12":"product-type-simple"},"_links":{"self":[{"href":"https:\/\/gracecollection.pl\/index.php?rest_route=\/wp\/v2\/product\/815","targetHints":{"allow":["GET"]}}],"collection":[{"href":"https:\/\/gracecollection.pl\/index.php?rest_route=\/wp\/v2\/product"}],"about":[{"href":"https:\/\/gracecollection.pl\/index.php?rest_route=\/wp\/v2\/types\/product"}],"replies":[{"embeddable":true,"href":"https:\/\/gracecollection.pl\/index.php?rest_route=%2Fwp%2Fv2%2Fcomments&post=815"}],"wp:featuredmedia":[{"embeddable":true,"href":"https:\/\/gracecollection.pl\/index.php?rest_route=\/wp\/v2\/media\/816"}],"wp:attachment":[{"href":"https:\/\/gracecollection.pl\/index.php?rest_route=%2Fwp%2Fv2%2Fmedia&parent=815"}],"wp:term":[{"taxonomy":"product_cat","embeddable":true,"href":"https:\/\/gracecollection.pl\/index.php?rest_route=%2Fwp%2Fv2%2Fproduct_cat&post=815"},{"taxonomy":"product_tag","embeddable":true,"href":"https:\/\/gracecollection.pl\/index.php?rest_route=%2Fwp%2Fv2%2Fproduct_tag&post=815"}],"curies":[{"name":"wp","href":"https:\/\/api.w.org\/{rel}","templated":true}]}}