{"id":809,"date":"2023-12-02T17:39:50","date_gmt":"2023-12-02T16:39:50","guid":{"rendered":"https:\/\/gracecollection.pl\/?post_type=product&#038;p=809"},"modified":"2023-12-04T12:38:24","modified_gmt":"2023-12-04T11:38:24","slug":"monica-j","status":"publish","type":"product","link":"https:\/\/gracecollection.pl\/?product=monica-j","title":{"rendered":"MONICA \u2013 J"},"content":{"rendered":"","protected":false},"excerpt":{"rendered":"<p>Torebka sk\u00f3rzana typu shopperka, wykonana z t\u0142oczonej bia\u0142o &#8211; be\u017cowej sk\u00f3ry, mieszcz\u0105ca bez problemu laptop wraz z dokumentami i innymi wi\u0119kszymi, niezb\u0119dnymi przedmiotami. G\u00f3ra torby zapinana na j\u0119zyk z klamerk\u0105. Prosta i szykowna kobieca elegancja casualowa.<span class=\"Apple-converted-space\">\u00a0<\/span><\/p>\n<p>JEDYNY EGZEPLARZ<\/p>\n","protected":false},"featured_media":810,"comment_status":"open","ping_status":"closed","template":"","meta":[],"product_cat":[34],"product_tag":[],"class_list":{"0":"post-809","1":"product","2":"type-product","3":"status-publish","4":"has-post-thumbnail","6":"product_cat-torebki","8":"first","9":"instock","10":"shipping-taxable","11":"purchasable","12":"product-type-simple"},"_links":{"self":[{"href":"https:\/\/gracecollection.pl\/index.php?rest_route=\/wp\/v2\/product\/809","targetHints":{"allow":["GET"]}}],"collection":[{"href":"https:\/\/gracecollection.pl\/index.php?rest_route=\/wp\/v2\/product"}],"about":[{"href":"https:\/\/gracecollection.pl\/index.php?rest_route=\/wp\/v2\/types\/product"}],"replies":[{"embeddable":true,"href":"https:\/\/gracecollection.pl\/index.php?rest_route=%2Fwp%2Fv2%2Fcomments&post=809"}],"wp:featuredmedia":[{"embeddable":true,"href":"https:\/\/gracecollection.pl\/index.php?rest_route=\/wp\/v2\/media\/810"}],"wp:attachment":[{"href":"https:\/\/gracecollection.pl\/index.php?rest_route=%2Fwp%2Fv2%2Fmedia&parent=809"}],"wp:term":[{"taxonomy":"product_cat","embeddable":true,"href":"https:\/\/gracecollection.pl\/index.php?rest_route=%2Fwp%2Fv2%2Fproduct_cat&post=809"},{"taxonomy":"product_tag","embeddable":true,"href":"https:\/\/gracecollection.pl\/index.php?rest_route=%2Fwp%2Fv2%2Fproduct_tag&post=809"}],"curies":[{"name":"wp","href":"https:\/\/api.w.org\/{rel}","templated":true}]}}