{"id":803,"date":"2023-12-02T17:29:27","date_gmt":"2023-12-02T16:29:27","guid":{"rendered":"https:\/\/gracecollection.pl\/?post_type=product&#038;p=803"},"modified":"2023-12-04T12:27:17","modified_gmt":"2023-12-04T11:27:17","slug":"monica-g","status":"publish","type":"product","link":"https:\/\/gracecollection.pl\/?product=monica-g","title":{"rendered":"MONICA \u2013 G"},"content":{"rendered":"","protected":false},"excerpt":{"rendered":"<p>Torebka sk\u00f3rzana typu shopperka, wykonana ze sk\u00f3ry z kr\u00f3tkim w\u0142osiem, mieszcz\u0105ca bez problemu laptop wraz z dokumentami i innymi wi\u0119kszymi, niezb\u0119dnymi przedmiotami. G\u00f3ra torby zapinana na zamek b\u0142yskawiczny. Prosta i szykowna kobieca elegancja casualowa.<span class=\"Apple-converted-space\">\u00a0<\/span><\/p>\n<p>JEDYNY EGZEPLARZ<\/p>\n","protected":false},"featured_media":804,"comment_status":"open","ping_status":"closed","template":"","meta":[],"product_cat":[34],"product_tag":[],"class_list":{"0":"post-803","1":"product","2":"type-product","3":"status-publish","4":"has-post-thumbnail","6":"product_cat-torebki","8":"first","9":"instock","10":"shipping-taxable","11":"purchasable","12":"product-type-simple"},"_links":{"self":[{"href":"https:\/\/gracecollection.pl\/index.php?rest_route=\/wp\/v2\/product\/803","targetHints":{"allow":["GET"]}}],"collection":[{"href":"https:\/\/gracecollection.pl\/index.php?rest_route=\/wp\/v2\/product"}],"about":[{"href":"https:\/\/gracecollection.pl\/index.php?rest_route=\/wp\/v2\/types\/product"}],"replies":[{"embeddable":true,"href":"https:\/\/gracecollection.pl\/index.php?rest_route=%2Fwp%2Fv2%2Fcomments&post=803"}],"wp:featuredmedia":[{"embeddable":true,"href":"https:\/\/gracecollection.pl\/index.php?rest_route=\/wp\/v2\/media\/804"}],"wp:attachment":[{"href":"https:\/\/gracecollection.pl\/index.php?rest_route=%2Fwp%2Fv2%2Fmedia&parent=803"}],"wp:term":[{"taxonomy":"product_cat","embeddable":true,"href":"https:\/\/gracecollection.pl\/index.php?rest_route=%2Fwp%2Fv2%2Fproduct_cat&post=803"},{"taxonomy":"product_tag","embeddable":true,"href":"https:\/\/gracecollection.pl\/index.php?rest_route=%2Fwp%2Fv2%2Fproduct_tag&post=803"}],"curies":[{"name":"wp","href":"https:\/\/api.w.org\/{rel}","templated":true}]}}