{"id":788,"date":"2023-12-02T17:14:50","date_gmt":"2023-12-02T16:14:50","guid":{"rendered":"https:\/\/gracecollection.pl\/?post_type=product&#038;p=788"},"modified":"2023-12-04T12:30:49","modified_gmt":"2023-12-04T11:30:49","slug":"marie-a","status":"publish","type":"product","link":"https:\/\/gracecollection.pl\/?product=marie-a","title":{"rendered":"MARIE \u2013 A"},"content":{"rendered":"","protected":false},"excerpt":{"rendered":"<p>Torebka sk\u00f3rzana, ma\u0142y kuferek wykonany z pi\u0119knej t\u0142oczonej be\u017cowo \u2013 bia\u0142ej sk\u00f3ry, z ozdobnym zapi\u0119ciem, w kt\u00f3rym pomieszcz\u0105 si\u0119 kobiece niezb\u0119dniki: telefon, karta, kosmetyki, kluczyki, itp.<\/p>\n<p>D\u0142ugi pasek na rami\u0119 wykonany z \u0142a\u0144cuszka.<\/p>\n<p>JEDYNY EGZEPLARZ<\/p>\n","protected":false},"featured_media":789,"comment_status":"open","ping_status":"closed","template":"","meta":[],"product_cat":[34],"product_tag":[],"class_list":{"0":"post-788","1":"product","2":"type-product","3":"status-publish","4":"has-post-thumbnail","6":"product_cat-torebki","8":"first","9":"instock","10":"shipping-taxable","11":"purchasable","12":"product-type-simple"},"_links":{"self":[{"href":"https:\/\/gracecollection.pl\/index.php?rest_route=\/wp\/v2\/product\/788","targetHints":{"allow":["GET"]}}],"collection":[{"href":"https:\/\/gracecollection.pl\/index.php?rest_route=\/wp\/v2\/product"}],"about":[{"href":"https:\/\/gracecollection.pl\/index.php?rest_route=\/wp\/v2\/types\/product"}],"replies":[{"embeddable":true,"href":"https:\/\/gracecollection.pl\/index.php?rest_route=%2Fwp%2Fv2%2Fcomments&post=788"}],"wp:featuredmedia":[{"embeddable":true,"href":"https:\/\/gracecollection.pl\/index.php?rest_route=\/wp\/v2\/media\/789"}],"wp:attachment":[{"href":"https:\/\/gracecollection.pl\/index.php?rest_route=%2Fwp%2Fv2%2Fmedia&parent=788"}],"wp:term":[{"taxonomy":"product_cat","embeddable":true,"href":"https:\/\/gracecollection.pl\/index.php?rest_route=%2Fwp%2Fv2%2Fproduct_cat&post=788"},{"taxonomy":"product_tag","embeddable":true,"href":"https:\/\/gracecollection.pl\/index.php?rest_route=%2Fwp%2Fv2%2Fproduct_tag&post=788"}],"curies":[{"name":"wp","href":"https:\/\/api.w.org\/{rel}","templated":true}]}}