{"id":779,"date":"2023-12-02T17:09:41","date_gmt":"2023-12-02T16:09:41","guid":{"rendered":"https:\/\/gracecollection.pl\/?post_type=product&#038;p=779"},"modified":"2023-12-04T12:31:44","modified_gmt":"2023-12-04T11:31:44","slug":"miriam-a","status":"publish","type":"product","link":"https:\/\/gracecollection.pl\/?product=miriam-a","title":{"rendered":"MIRIAM \u2013 A"},"content":{"rendered":"","protected":false},"excerpt":{"rendered":"<p>Torebka sk\u00f3rzana bardzo mi\u0119kka i plastyczna, mo\u017cna j\u0105 nosi\u0107 w formie d\u0142u\u017cszego, roz\u0142o\u017conego i pojemnego prostok\u0105ta lub, po z\u0142o\u017ceniu na p\u00f3\u0142 \u2013 jako kopert\u00f3wk\u0119. Sportowo \u2013 casualowy styl pasuj\u0105cy do fashion street oraz jako dodatek wieczorowy.<\/p>\n<p>JEDYNY EGZEPLARZ<\/p>\n","protected":false},"featured_media":781,"comment_status":"open","ping_status":"closed","template":"","meta":[],"product_cat":[34],"product_tag":[],"class_list":{"0":"post-779","1":"product","2":"type-product","3":"status-publish","4":"has-post-thumbnail","6":"product_cat-torebki","8":"first","9":"instock","10":"shipping-taxable","11":"purchasable","12":"product-type-simple"},"_links":{"self":[{"href":"https:\/\/gracecollection.pl\/index.php?rest_route=\/wp\/v2\/product\/779","targetHints":{"allow":["GET"]}}],"collection":[{"href":"https:\/\/gracecollection.pl\/index.php?rest_route=\/wp\/v2\/product"}],"about":[{"href":"https:\/\/gracecollection.pl\/index.php?rest_route=\/wp\/v2\/types\/product"}],"replies":[{"embeddable":true,"href":"https:\/\/gracecollection.pl\/index.php?rest_route=%2Fwp%2Fv2%2Fcomments&post=779"}],"wp:featuredmedia":[{"embeddable":true,"href":"https:\/\/gracecollection.pl\/index.php?rest_route=\/wp\/v2\/media\/781"}],"wp:attachment":[{"href":"https:\/\/gracecollection.pl\/index.php?rest_route=%2Fwp%2Fv2%2Fmedia&parent=779"}],"wp:term":[{"taxonomy":"product_cat","embeddable":true,"href":"https:\/\/gracecollection.pl\/index.php?rest_route=%2Fwp%2Fv2%2Fproduct_cat&post=779"},{"taxonomy":"product_tag","embeddable":true,"href":"https:\/\/gracecollection.pl\/index.php?rest_route=%2Fwp%2Fv2%2Fproduct_tag&post=779"}],"curies":[{"name":"wp","href":"https:\/\/api.w.org\/{rel}","templated":true}]}}