{"id":765,"date":"2023-12-02T14:15:30","date_gmt":"2023-12-02T13:15:30","guid":{"rendered":"https:\/\/gracecollection.pl\/?post_type=product&#038;p=765"},"modified":"2023-12-04T12:41:30","modified_gmt":"2023-12-04T11:41:30","slug":"ivonne-c","status":"publish","type":"product","link":"https:\/\/gracecollection.pl\/?product=ivonne-c","title":{"rendered":"IVONNE \u2013 C"},"content":{"rendered":"","protected":false},"excerpt":{"rendered":"<p>Torebka sk\u00f3rzana, w modnym t\u0142oczonym wzorze i kolorze,<span class=\"Apple-converted-space\">\u00a0 <\/span>jako szykowna shopperka, pakowna, idealna na komputer i dokumenty i wiele innych kobiecych drobiazg\u00f3w, wewn\u0119trzna dodatkowa torebka ze sk\u00f3ry zapinana na zamek<\/p>\n<p>JEDYNY EGZEPLARZ<\/p>\n","protected":false},"featured_media":766,"comment_status":"open","ping_status":"closed","template":"","meta":[],"product_cat":[34],"product_tag":[],"class_list":{"0":"post-765","1":"product","2":"type-product","3":"status-publish","4":"has-post-thumbnail","6":"product_cat-torebki","8":"first","9":"instock","10":"shipping-taxable","11":"purchasable","12":"product-type-simple"},"_links":{"self":[{"href":"https:\/\/gracecollection.pl\/index.php?rest_route=\/wp\/v2\/product\/765","targetHints":{"allow":["GET"]}}],"collection":[{"href":"https:\/\/gracecollection.pl\/index.php?rest_route=\/wp\/v2\/product"}],"about":[{"href":"https:\/\/gracecollection.pl\/index.php?rest_route=\/wp\/v2\/types\/product"}],"replies":[{"embeddable":true,"href":"https:\/\/gracecollection.pl\/index.php?rest_route=%2Fwp%2Fv2%2Fcomments&post=765"}],"wp:featuredmedia":[{"embeddable":true,"href":"https:\/\/gracecollection.pl\/index.php?rest_route=\/wp\/v2\/media\/766"}],"wp:attachment":[{"href":"https:\/\/gracecollection.pl\/index.php?rest_route=%2Fwp%2Fv2%2Fmedia&parent=765"}],"wp:term":[{"taxonomy":"product_cat","embeddable":true,"href":"https:\/\/gracecollection.pl\/index.php?rest_route=%2Fwp%2Fv2%2Fproduct_cat&post=765"},{"taxonomy":"product_tag","embeddable":true,"href":"https:\/\/gracecollection.pl\/index.php?rest_route=%2Fwp%2Fv2%2Fproduct_tag&post=765"}],"curies":[{"name":"wp","href":"https:\/\/api.w.org\/{rel}","templated":true}]}}