{"id":760,"date":"2023-12-02T14:10:13","date_gmt":"2023-12-02T13:10:13","guid":{"rendered":"https:\/\/gracecollection.pl\/?post_type=product&#038;p=760"},"modified":"2023-12-04T12:42:01","modified_gmt":"2023-12-04T11:42:01","slug":"ivonne-a","status":"publish","type":"product","link":"https:\/\/gracecollection.pl\/?product=ivonne-a","title":{"rendered":"IVONNE \u2013 A"},"content":{"rendered":"","protected":false},"excerpt":{"rendered":"<p>Torebka sk\u00f3rzana, w modnym t\u0142oczonym wzorze i kolorze,<span class=\"Apple-converted-space\">\u00a0 <\/span>jako szykowna shopperka, pakowna, idealna na komputer i dokumenty i wiele innych kobiecych drobiazg\u00f3w, wewn\u0119trzna dodatkowa torebka ze sk\u00f3ry zapinana na zamek<\/p>\n<p>JEDYNY EGZEPLARZ<\/p>\n","protected":false},"featured_media":762,"comment_status":"open","ping_status":"closed","template":"","meta":[],"product_cat":[34],"product_tag":[],"class_list":{"0":"post-760","1":"product","2":"type-product","3":"status-publish","4":"has-post-thumbnail","6":"product_cat-torebki","8":"first","9":"instock","10":"shipping-taxable","11":"purchasable","12":"product-type-simple"},"_links":{"self":[{"href":"https:\/\/gracecollection.pl\/index.php?rest_route=\/wp\/v2\/product\/760","targetHints":{"allow":["GET"]}}],"collection":[{"href":"https:\/\/gracecollection.pl\/index.php?rest_route=\/wp\/v2\/product"}],"about":[{"href":"https:\/\/gracecollection.pl\/index.php?rest_route=\/wp\/v2\/types\/product"}],"replies":[{"embeddable":true,"href":"https:\/\/gracecollection.pl\/index.php?rest_route=%2Fwp%2Fv2%2Fcomments&post=760"}],"wp:featuredmedia":[{"embeddable":true,"href":"https:\/\/gracecollection.pl\/index.php?rest_route=\/wp\/v2\/media\/762"}],"wp:attachment":[{"href":"https:\/\/gracecollection.pl\/index.php?rest_route=%2Fwp%2Fv2%2Fmedia&parent=760"}],"wp:term":[{"taxonomy":"product_cat","embeddable":true,"href":"https:\/\/gracecollection.pl\/index.php?rest_route=%2Fwp%2Fv2%2Fproduct_cat&post=760"},{"taxonomy":"product_tag","embeddable":true,"href":"https:\/\/gracecollection.pl\/index.php?rest_route=%2Fwp%2Fv2%2Fproduct_tag&post=760"}],"curies":[{"name":"wp","href":"https:\/\/api.w.org\/{rel}","templated":true}]}}