{"id":745,"date":"2023-12-02T13:51:15","date_gmt":"2023-12-02T12:51:15","guid":{"rendered":"https:\/\/gracecollection.pl\/?post_type=product&#038;p=745"},"modified":"2023-12-04T12:43:29","modified_gmt":"2023-12-04T11:43:29","slug":"isabelle-c","status":"publish","type":"product","link":"https:\/\/gracecollection.pl\/?product=isabelle-c","title":{"rendered":"ISABELLE \u2013 C"},"content":{"rendered":"","protected":false},"excerpt":{"rendered":"<p>Torebka sk\u00f3rzana o bi\u017cuteryjnym wygl\u0105dzie i wykonaniu, niezwykle kobieca i intryguj\u0105ca: cho\u0107 niewielka, to bardzo pojemna. Wewn\u0105trz przegr\u00f3dka i liczne, pi\u0119knie wyko\u0144czone sk\u00f3r\u0105 kieszonki, kolorowa podszewka, d\u0142ugi dodatkowy pasek, unikalne akcesoria i po\u0142\u0105czenie kolor\u00f3w sk\u00f3r.<span class=\"Apple-converted-space\">\u00a0<\/span><\/p>\n<p>JEDYNY EGZEPLARZ<\/p>\n","protected":false},"featured_media":746,"comment_status":"open","ping_status":"closed","template":"","meta":[],"product_cat":[34],"product_tag":[],"class_list":{"0":"post-745","1":"product","2":"type-product","3":"status-publish","4":"has-post-thumbnail","6":"product_cat-torebki","8":"first","9":"instock","10":"shipping-taxable","11":"purchasable","12":"product-type-simple"},"_links":{"self":[{"href":"https:\/\/gracecollection.pl\/index.php?rest_route=\/wp\/v2\/product\/745","targetHints":{"allow":["GET"]}}],"collection":[{"href":"https:\/\/gracecollection.pl\/index.php?rest_route=\/wp\/v2\/product"}],"about":[{"href":"https:\/\/gracecollection.pl\/index.php?rest_route=\/wp\/v2\/types\/product"}],"replies":[{"embeddable":true,"href":"https:\/\/gracecollection.pl\/index.php?rest_route=%2Fwp%2Fv2%2Fcomments&post=745"}],"wp:featuredmedia":[{"embeddable":true,"href":"https:\/\/gracecollection.pl\/index.php?rest_route=\/wp\/v2\/media\/746"}],"wp:attachment":[{"href":"https:\/\/gracecollection.pl\/index.php?rest_route=%2Fwp%2Fv2%2Fmedia&parent=745"}],"wp:term":[{"taxonomy":"product_cat","embeddable":true,"href":"https:\/\/gracecollection.pl\/index.php?rest_route=%2Fwp%2Fv2%2Fproduct_cat&post=745"},{"taxonomy":"product_tag","embeddable":true,"href":"https:\/\/gracecollection.pl\/index.php?rest_route=%2Fwp%2Fv2%2Fproduct_tag&post=745"}],"curies":[{"name":"wp","href":"https:\/\/api.w.org\/{rel}","templated":true}]}}