{"id":741,"date":"2023-12-02T13:48:10","date_gmt":"2023-12-02T12:48:10","guid":{"rendered":"https:\/\/gracecollection.pl\/?post_type=product&#038;p=741"},"modified":"2023-12-04T12:43:52","modified_gmt":"2023-12-04T11:43:52","slug":"isabelle-a","status":"publish","type":"product","link":"https:\/\/gracecollection.pl\/?product=isabelle-a","title":{"rendered":"ISABELLE \u2013 A"},"content":{"rendered":"","protected":false},"excerpt":{"rendered":"<p>Torebka sk\u00f3rzana o bi\u017cuteryjnym wygl\u0105dzie i wykonaniu, niezwykle kobieca i intryguj\u0105ca: cho\u0107 niewielka, to bardzo pojemna. Wewn\u0105trz przegr\u00f3dka i liczne, pi\u0119knie wyko\u0144czone sk\u00f3r\u0105 kieszonki, kolorowa podszewka, d\u0142ugi dodatkowy pasek, unikalne akcesoria i po\u0142\u0105czenie kolor\u00f3w sk\u00f3r.<span class=\"Apple-converted-space\">\u00a0<\/span><\/p>\n<p>JEDYNY EGZEPLARZ<\/p>\n","protected":false},"featured_media":742,"comment_status":"open","ping_status":"closed","template":"","meta":[],"product_cat":[34],"product_tag":[],"class_list":{"0":"post-741","1":"product","2":"type-product","3":"status-publish","4":"has-post-thumbnail","6":"product_cat-torebki","8":"first","9":"instock","10":"shipping-taxable","11":"purchasable","12":"product-type-simple"},"_links":{"self":[{"href":"https:\/\/gracecollection.pl\/index.php?rest_route=\/wp\/v2\/product\/741","targetHints":{"allow":["GET"]}}],"collection":[{"href":"https:\/\/gracecollection.pl\/index.php?rest_route=\/wp\/v2\/product"}],"about":[{"href":"https:\/\/gracecollection.pl\/index.php?rest_route=\/wp\/v2\/types\/product"}],"replies":[{"embeddable":true,"href":"https:\/\/gracecollection.pl\/index.php?rest_route=%2Fwp%2Fv2%2Fcomments&post=741"}],"wp:featuredmedia":[{"embeddable":true,"href":"https:\/\/gracecollection.pl\/index.php?rest_route=\/wp\/v2\/media\/742"}],"wp:attachment":[{"href":"https:\/\/gracecollection.pl\/index.php?rest_route=%2Fwp%2Fv2%2Fmedia&parent=741"}],"wp:term":[{"taxonomy":"product_cat","embeddable":true,"href":"https:\/\/gracecollection.pl\/index.php?rest_route=%2Fwp%2Fv2%2Fproduct_cat&post=741"},{"taxonomy":"product_tag","embeddable":true,"href":"https:\/\/gracecollection.pl\/index.php?rest_route=%2Fwp%2Fv2%2Fproduct_tag&post=741"}],"curies":[{"name":"wp","href":"https:\/\/api.w.org\/{rel}","templated":true}]}}