{"id":733,"date":"2023-12-02T13:38:40","date_gmt":"2023-12-02T12:38:40","guid":{"rendered":"https:\/\/gracecollection.pl\/?post_type=product&#038;p=733"},"modified":"2023-12-04T12:45:02","modified_gmt":"2023-12-04T11:45:02","slug":"grace-e","status":"publish","type":"product","link":"https:\/\/gracecollection.pl\/?product=grace-e","title":{"rendered":"GRACE \u2013 E"},"content":{"rendered":"","protected":false},"excerpt":{"rendered":"<p>Torebka futerkowa o unikalnym wzorze i kolorze, klapka z futra naturalnego, zako\u0144czonego d\u0142ugim sk\u00f3rzanym chwostem, wszystko idealnie dopasowane kolorem do klapki i korpusu. D\u0142ugi pasek na rami\u0119, wn\u0119trze pojemne, z kieszonk\u0105.<\/p>\n<p>Wyrafinowana elegancja i szyk kobiecy.<\/p>\n<p>JEDYNY EGZEPLARZ<\/p>\n","protected":false},"featured_media":734,"comment_status":"open","ping_status":"closed","template":"","meta":[],"product_cat":[34],"product_tag":[],"class_list":{"0":"post-733","1":"product","2":"type-product","3":"status-publish","4":"has-post-thumbnail","6":"product_cat-torebki","8":"first","9":"instock","10":"shipping-taxable","11":"purchasable","12":"product-type-simple"},"_links":{"self":[{"href":"https:\/\/gracecollection.pl\/index.php?rest_route=\/wp\/v2\/product\/733","targetHints":{"allow":["GET"]}}],"collection":[{"href":"https:\/\/gracecollection.pl\/index.php?rest_route=\/wp\/v2\/product"}],"about":[{"href":"https:\/\/gracecollection.pl\/index.php?rest_route=\/wp\/v2\/types\/product"}],"replies":[{"embeddable":true,"href":"https:\/\/gracecollection.pl\/index.php?rest_route=%2Fwp%2Fv2%2Fcomments&post=733"}],"wp:featuredmedia":[{"embeddable":true,"href":"https:\/\/gracecollection.pl\/index.php?rest_route=\/wp\/v2\/media\/734"}],"wp:attachment":[{"href":"https:\/\/gracecollection.pl\/index.php?rest_route=%2Fwp%2Fv2%2Fmedia&parent=733"}],"wp:term":[{"taxonomy":"product_cat","embeddable":true,"href":"https:\/\/gracecollection.pl\/index.php?rest_route=%2Fwp%2Fv2%2Fproduct_cat&post=733"},{"taxonomy":"product_tag","embeddable":true,"href":"https:\/\/gracecollection.pl\/index.php?rest_route=%2Fwp%2Fv2%2Fproduct_tag&post=733"}],"curies":[{"name":"wp","href":"https:\/\/api.w.org\/{rel}","templated":true}]}}