{"id":725,"date":"2023-12-02T13:30:11","date_gmt":"2023-12-02T12:30:11","guid":{"rendered":"https:\/\/gracecollection.pl\/?post_type=product&#038;p=725"},"modified":"2023-12-04T12:45:43","modified_gmt":"2023-12-04T11:45:43","slug":"grace-a","status":"publish","type":"product","link":"https:\/\/gracecollection.pl\/?product=grace-a","title":{"rendered":"GRACE \u2013 A"},"content":{"rendered":"","protected":false},"excerpt":{"rendered":"<p>Torebka futerkowa o unikalnym wzorze i kolorze, klapka z futra naturalnego, zako\u0144czonego d\u0142ugim sk\u00f3rzanym chwostem, wszystko idealnie dopasowane kolorem do klapki i korpusu. D\u0142ugi regulowany pasek na rami\u0119, wn\u0119trze pojemne, z kieszonk\u0105.<\/p>\n<p>JEDYNY EGZEPLARZ<\/p>\n","protected":false},"featured_media":726,"comment_status":"open","ping_status":"closed","template":"","meta":[],"product_cat":[34],"product_tag":[],"class_list":{"0":"post-725","1":"product","2":"type-product","3":"status-publish","4":"has-post-thumbnail","6":"product_cat-torebki","8":"first","9":"instock","10":"shipping-taxable","11":"purchasable","12":"product-type-simple"},"_links":{"self":[{"href":"https:\/\/gracecollection.pl\/index.php?rest_route=\/wp\/v2\/product\/725","targetHints":{"allow":["GET"]}}],"collection":[{"href":"https:\/\/gracecollection.pl\/index.php?rest_route=\/wp\/v2\/product"}],"about":[{"href":"https:\/\/gracecollection.pl\/index.php?rest_route=\/wp\/v2\/types\/product"}],"replies":[{"embeddable":true,"href":"https:\/\/gracecollection.pl\/index.php?rest_route=%2Fwp%2Fv2%2Fcomments&post=725"}],"wp:featuredmedia":[{"embeddable":true,"href":"https:\/\/gracecollection.pl\/index.php?rest_route=\/wp\/v2\/media\/726"}],"wp:attachment":[{"href":"https:\/\/gracecollection.pl\/index.php?rest_route=%2Fwp%2Fv2%2Fmedia&parent=725"}],"wp:term":[{"taxonomy":"product_cat","embeddable":true,"href":"https:\/\/gracecollection.pl\/index.php?rest_route=%2Fwp%2Fv2%2Fproduct_cat&post=725"},{"taxonomy":"product_tag","embeddable":true,"href":"https:\/\/gracecollection.pl\/index.php?rest_route=%2Fwp%2Fv2%2Fproduct_tag&post=725"}],"curies":[{"name":"wp","href":"https:\/\/api.w.org\/{rel}","templated":true}]}}