{"id":714,"date":"2023-12-01T14:22:58","date_gmt":"2023-12-01T13:22:58","guid":{"rendered":"https:\/\/gracecollection.pl\/?post_type=product&#038;p=714"},"modified":"2023-12-04T12:46:39","modified_gmt":"2023-12-04T11:46:39","slug":"eva-b","status":"publish","type":"product","link":"https:\/\/gracecollection.pl\/?product=eva-b","title":{"rendered":"EVA \u2013 B"},"content":{"rendered":"","protected":false},"excerpt":{"rendered":"<p>Torebka sk\u00f3rzana kopertowa, z laserowej koronki, ponadczasowo elegancka i klasyczna, podkre\u015blaj\u0105ca wyrafinowany kobiecy styl pasuj\u0105cy do ubra\u0144 eleganckich i casualowych. Pasek na rami\u0119 \u015bredniej d\u0142ugo\u015bci idealnie trzymaj\u0105cy kopert\u00f3wk\u0119 na w\u0142a\u015bciwym miejscu \u2013 pod ramieniem.<\/p>\n<p>JEDYNY EGZEPLARZ<\/p>\n","protected":false},"featured_media":715,"comment_status":"open","ping_status":"closed","template":"","meta":[],"product_cat":[34],"product_tag":[],"class_list":{"0":"post-714","1":"product","2":"type-product","3":"status-publish","4":"has-post-thumbnail","6":"product_cat-torebki","8":"first","9":"instock","10":"shipping-taxable","11":"purchasable","12":"product-type-simple"},"_links":{"self":[{"href":"https:\/\/gracecollection.pl\/index.php?rest_route=\/wp\/v2\/product\/714","targetHints":{"allow":["GET"]}}],"collection":[{"href":"https:\/\/gracecollection.pl\/index.php?rest_route=\/wp\/v2\/product"}],"about":[{"href":"https:\/\/gracecollection.pl\/index.php?rest_route=\/wp\/v2\/types\/product"}],"replies":[{"embeddable":true,"href":"https:\/\/gracecollection.pl\/index.php?rest_route=%2Fwp%2Fv2%2Fcomments&post=714"}],"wp:featuredmedia":[{"embeddable":true,"href":"https:\/\/gracecollection.pl\/index.php?rest_route=\/wp\/v2\/media\/715"}],"wp:attachment":[{"href":"https:\/\/gracecollection.pl\/index.php?rest_route=%2Fwp%2Fv2%2Fmedia&parent=714"}],"wp:term":[{"taxonomy":"product_cat","embeddable":true,"href":"https:\/\/gracecollection.pl\/index.php?rest_route=%2Fwp%2Fv2%2Fproduct_cat&post=714"},{"taxonomy":"product_tag","embeddable":true,"href":"https:\/\/gracecollection.pl\/index.php?rest_route=%2Fwp%2Fv2%2Fproduct_tag&post=714"}],"curies":[{"name":"wp","href":"https:\/\/api.w.org\/{rel}","templated":true}]}}