{"id":702,"date":"2023-12-01T14:09:28","date_gmt":"2023-12-01T13:09:28","guid":{"rendered":"https:\/\/gracecollection.pl\/?post_type=product&#038;p=702"},"modified":"2023-12-04T12:47:45","modified_gmt":"2023-12-04T11:47:45","slug":"charlotte-d","status":"publish","type":"product","link":"https:\/\/gracecollection.pl\/?product=charlotte-d","title":{"rendered":"CHARLOTTE \u2013 D"},"content":{"rendered":"","protected":false},"excerpt":{"rendered":"<p>Torebka sk\u00f3rzana o prostym, sportowym fasonie z zapinanym na zamek rozszerzanym dnem, kt\u00f3ry znacznie powi\u0119ksza pojemno\u015b\u0107 torebki na szeroko\u015bci. Mie\u015bci si\u0119 tu laptop, jak i dokumenty, a opr\u00f3cz tego masa innych kobiecych drobiazg\u00f3w. Dodatkowy d\u0142ugi pasek na ram\u0119, funkcjonalne i pi\u0119kne wn\u0119trze z kieszonkami, doczepiana ozdoba futrzana, kt\u00f3r\u0105 mo\u017cna te\u017c wykorzysta\u0107 jako brelok.<\/p>\n<p>JEDYNY EGZEPLARZ<\/p>\n","protected":false},"featured_media":703,"comment_status":"open","ping_status":"closed","template":"","meta":[],"product_cat":[34],"product_tag":[],"class_list":{"0":"post-702","1":"product","2":"type-product","3":"status-publish","4":"has-post-thumbnail","6":"product_cat-torebki","8":"first","9":"instock","10":"shipping-taxable","11":"purchasable","12":"product-type-simple"},"_links":{"self":[{"href":"https:\/\/gracecollection.pl\/index.php?rest_route=\/wp\/v2\/product\/702","targetHints":{"allow":["GET"]}}],"collection":[{"href":"https:\/\/gracecollection.pl\/index.php?rest_route=\/wp\/v2\/product"}],"about":[{"href":"https:\/\/gracecollection.pl\/index.php?rest_route=\/wp\/v2\/types\/product"}],"replies":[{"embeddable":true,"href":"https:\/\/gracecollection.pl\/index.php?rest_route=%2Fwp%2Fv2%2Fcomments&post=702"}],"wp:featuredmedia":[{"embeddable":true,"href":"https:\/\/gracecollection.pl\/index.php?rest_route=\/wp\/v2\/media\/703"}],"wp:attachment":[{"href":"https:\/\/gracecollection.pl\/index.php?rest_route=%2Fwp%2Fv2%2Fmedia&parent=702"}],"wp:term":[{"taxonomy":"product_cat","embeddable":true,"href":"https:\/\/gracecollection.pl\/index.php?rest_route=%2Fwp%2Fv2%2Fproduct_cat&post=702"},{"taxonomy":"product_tag","embeddable":true,"href":"https:\/\/gracecollection.pl\/index.php?rest_route=%2Fwp%2Fv2%2Fproduct_tag&post=702"}],"curies":[{"name":"wp","href":"https:\/\/api.w.org\/{rel}","templated":true}]}}