{"id":683,"date":"2023-12-01T13:47:25","date_gmt":"2023-12-01T12:47:25","guid":{"rendered":"https:\/\/gracecollection.pl\/?post_type=product&#038;p=683"},"modified":"2023-12-04T12:49:40","modified_gmt":"2023-12-04T11:49:40","slug":"anette-b","status":"publish","type":"product","link":"https:\/\/gracecollection.pl\/?product=anette-b","title":{"rendered":"ANETTE \u2013 B"},"content":{"rendered":"","protected":false},"excerpt":{"rendered":"<p>Torebka sk\u00f3rzana o klasycznym i minimalistycznym fasonie, elegancka i pojemna, doskona\u0142a do i po pracy, wewn\u0105trz zapinany na zamek b\u0142yskawiczny wk\u0142ad wyko\u0144czony sk\u00f3r\u0105 naturaln\u0105.<\/p>\n<p>JEDYNY EGZEPLARZ<\/p>\n","protected":false},"featured_media":684,"comment_status":"open","ping_status":"closed","template":"","meta":[],"product_cat":[34],"product_tag":[],"class_list":{"0":"post-683","1":"product","2":"type-product","3":"status-publish","4":"has-post-thumbnail","6":"product_cat-torebki","8":"first","9":"instock","10":"shipping-taxable","11":"purchasable","12":"product-type-simple"},"_links":{"self":[{"href":"https:\/\/gracecollection.pl\/index.php?rest_route=\/wp\/v2\/product\/683","targetHints":{"allow":["GET"]}}],"collection":[{"href":"https:\/\/gracecollection.pl\/index.php?rest_route=\/wp\/v2\/product"}],"about":[{"href":"https:\/\/gracecollection.pl\/index.php?rest_route=\/wp\/v2\/types\/product"}],"replies":[{"embeddable":true,"href":"https:\/\/gracecollection.pl\/index.php?rest_route=%2Fwp%2Fv2%2Fcomments&post=683"}],"wp:featuredmedia":[{"embeddable":true,"href":"https:\/\/gracecollection.pl\/index.php?rest_route=\/wp\/v2\/media\/684"}],"wp:attachment":[{"href":"https:\/\/gracecollection.pl\/index.php?rest_route=%2Fwp%2Fv2%2Fmedia&parent=683"}],"wp:term":[{"taxonomy":"product_cat","embeddable":true,"href":"https:\/\/gracecollection.pl\/index.php?rest_route=%2Fwp%2Fv2%2Fproduct_cat&post=683"},{"taxonomy":"product_tag","embeddable":true,"href":"https:\/\/gracecollection.pl\/index.php?rest_route=%2Fwp%2Fv2%2Fproduct_tag&post=683"}],"curies":[{"name":"wp","href":"https:\/\/api.w.org\/{rel}","templated":true}]}}