{"id":677,"date":"2023-12-01T13:43:41","date_gmt":"2023-12-01T12:43:41","guid":{"rendered":"https:\/\/gracecollection.pl\/?post_type=product&#038;p=677"},"modified":"2023-12-04T12:50:20","modified_gmt":"2023-12-04T11:50:20","slug":"amelia-c","status":"publish","type":"product","link":"https:\/\/gracecollection.pl\/?product=amelia-c","title":{"rendered":"AMELIA \u2013 C"},"content":{"rendered":"","protected":false},"excerpt":{"rendered":"<p>Torebka sk\u00f3rzana, t\u0142oczony i barwiony wz\u00f3r w paski, mimo \u015bredniego rozmiaru bardzo pojemna, odpowiednia do i po pracy, szykowna, kobieca, wewn\u0105trz dodatkowy portfelik na kart\u0119, telefon, dokumenty, z przed\u0142u\u017cany pasek na rami\u0119.<\/p>\n<p>JEDYNY EGZEPLARZ<\/p>\n","protected":false},"featured_media":678,"comment_status":"open","ping_status":"closed","template":"","meta":[],"product_cat":[34],"product_tag":[],"class_list":{"0":"post-677","1":"product","2":"type-product","3":"status-publish","4":"has-post-thumbnail","6":"product_cat-torebki","8":"first","9":"instock","10":"shipping-taxable","11":"purchasable","12":"product-type-simple"},"_links":{"self":[{"href":"https:\/\/gracecollection.pl\/index.php?rest_route=\/wp\/v2\/product\/677","targetHints":{"allow":["GET"]}}],"collection":[{"href":"https:\/\/gracecollection.pl\/index.php?rest_route=\/wp\/v2\/product"}],"about":[{"href":"https:\/\/gracecollection.pl\/index.php?rest_route=\/wp\/v2\/types\/product"}],"replies":[{"embeddable":true,"href":"https:\/\/gracecollection.pl\/index.php?rest_route=%2Fwp%2Fv2%2Fcomments&post=677"}],"wp:featuredmedia":[{"embeddable":true,"href":"https:\/\/gracecollection.pl\/index.php?rest_route=\/wp\/v2\/media\/678"}],"wp:attachment":[{"href":"https:\/\/gracecollection.pl\/index.php?rest_route=%2Fwp%2Fv2%2Fmedia&parent=677"}],"wp:term":[{"taxonomy":"product_cat","embeddable":true,"href":"https:\/\/gracecollection.pl\/index.php?rest_route=%2Fwp%2Fv2%2Fproduct_cat&post=677"},{"taxonomy":"product_tag","embeddable":true,"href":"https:\/\/gracecollection.pl\/index.php?rest_route=%2Fwp%2Fv2%2Fproduct_tag&post=677"}],"curies":[{"name":"wp","href":"https:\/\/api.w.org\/{rel}","templated":true}]}}