{"id":447,"date":"2023-11-26T12:18:42","date_gmt":"2023-11-26T11:18:42","guid":{"rendered":"https:\/\/gracecollection.pl\/?post_type=product&#038;p=447"},"modified":"2023-11-26T12:18:42","modified_gmt":"2023-11-26T11:18:42","slug":"etui-na-telefon-z-kieszonka-na-karte-skora-naturalna-4","status":"publish","type":"product","link":"https:\/\/gracecollection.pl\/?product=etui-na-telefon-z-kieszonka-na-karte-skora-naturalna-4","title":{"rendered":"Etui na telefon z kieszonk\u0105 na kart\u0119, sk\u00f3ra naturalna"},"content":{"rendered":"","protected":false},"excerpt":{"rendered":"<p>Wszystko, czego potrzebujesz \u2013 telefon i karta bez d\u017awigania zb\u0119dnych obci\u0105\u017ce\u0144<\/p>\n","protected":false},"featured_media":448,"comment_status":"open","ping_status":"closed","template":"","meta":[],"product_cat":[36],"product_tag":[],"class_list":{"0":"post-447","1":"product","2":"type-product","3":"status-publish","4":"has-post-thumbnail","6":"product_cat-akcesoria","8":"first","9":"instock","10":"shipping-taxable","11":"purchasable","12":"product-type-variable"},"_links":{"self":[{"href":"https:\/\/gracecollection.pl\/index.php?rest_route=\/wp\/v2\/product\/447","targetHints":{"allow":["GET"]}}],"collection":[{"href":"https:\/\/gracecollection.pl\/index.php?rest_route=\/wp\/v2\/product"}],"about":[{"href":"https:\/\/gracecollection.pl\/index.php?rest_route=\/wp\/v2\/types\/product"}],"replies":[{"embeddable":true,"href":"https:\/\/gracecollection.pl\/index.php?rest_route=%2Fwp%2Fv2%2Fcomments&post=447"}],"wp:featuredmedia":[{"embeddable":true,"href":"https:\/\/gracecollection.pl\/index.php?rest_route=\/wp\/v2\/media\/448"}],"wp:attachment":[{"href":"https:\/\/gracecollection.pl\/index.php?rest_route=%2Fwp%2Fv2%2Fmedia&parent=447"}],"wp:term":[{"taxonomy":"product_cat","embeddable":true,"href":"https:\/\/gracecollection.pl\/index.php?rest_route=%2Fwp%2Fv2%2Fproduct_cat&post=447"},{"taxonomy":"product_tag","embeddable":true,"href":"https:\/\/gracecollection.pl\/index.php?rest_route=%2Fwp%2Fv2%2Fproduct_tag&post=447"}],"curies":[{"name":"wp","href":"https:\/\/api.w.org\/{rel}","templated":true}]}}