{"id":383,"date":"2023-11-26T11:10:30","date_gmt":"2023-11-26T10:10:30","guid":{"rendered":"https:\/\/gracecollection.pl\/?post_type=product&#038;p=383"},"modified":"2023-12-04T15:25:10","modified_gmt":"2023-12-04T14:25:10","slug":"kolnierz-dlugi-szalowy-rudo-bialy-z-futra-naturalnego-lis","status":"publish","type":"product","link":"https:\/\/gracecollection.pl\/?product=kolnierz-dlugi-szalowy-rudo-bialy-z-futra-naturalnego-lis","title":{"rendered":"Ko\u0142nierz d\u0142ugi, szalowy rudo- bia\u0142y, z futra naturalnego (lis)"},"content":{"rendered":"","protected":false},"excerpt":{"rendered":"<p>Ozdoba wielu kreacji, a zarazem ciep\u0142y i mi\u0119kki szalik<\/p>\n<p>JEDYNY EGZEPLARZ<\/p>\n","protected":false},"featured_media":385,"comment_status":"open","ping_status":"closed","template":"","meta":[],"product_cat":[36],"product_tag":[],"class_list":{"0":"post-383","1":"product","2":"type-product","3":"status-publish","4":"has-post-thumbnail","6":"product_cat-akcesoria","8":"first","9":"instock","10":"shipping-taxable","11":"purchasable","12":"product-type-simple"},"_links":{"self":[{"href":"https:\/\/gracecollection.pl\/index.php?rest_route=\/wp\/v2\/product\/383","targetHints":{"allow":["GET"]}}],"collection":[{"href":"https:\/\/gracecollection.pl\/index.php?rest_route=\/wp\/v2\/product"}],"about":[{"href":"https:\/\/gracecollection.pl\/index.php?rest_route=\/wp\/v2\/types\/product"}],"replies":[{"embeddable":true,"href":"https:\/\/gracecollection.pl\/index.php?rest_route=%2Fwp%2Fv2%2Fcomments&post=383"}],"wp:featuredmedia":[{"embeddable":true,"href":"https:\/\/gracecollection.pl\/index.php?rest_route=\/wp\/v2\/media\/385"}],"wp:attachment":[{"href":"https:\/\/gracecollection.pl\/index.php?rest_route=%2Fwp%2Fv2%2Fmedia&parent=383"}],"wp:term":[{"taxonomy":"product_cat","embeddable":true,"href":"https:\/\/gracecollection.pl\/index.php?rest_route=%2Fwp%2Fv2%2Fproduct_cat&post=383"},{"taxonomy":"product_tag","embeddable":true,"href":"https:\/\/gracecollection.pl\/index.php?rest_route=%2Fwp%2Fv2%2Fproduct_tag&post=383"}],"curies":[{"name":"wp","href":"https:\/\/api.w.org\/{rel}","templated":true}]}}