{"id":192,"date":"2023-09-14T00:02:34","date_gmt":"2023-09-13T22:02:34","guid":{"rendered":"https:\/\/gracecollection.pl\/?post_type=product&#038;p=192"},"modified":"2023-12-04T15:48:09","modified_gmt":"2023-12-04T14:48:09","slug":"skorzana-ramoneska","status":"publish","type":"product","link":"https:\/\/gracecollection.pl\/?product=skorzana-ramoneska","title":{"rendered":"RAMONESKA"},"content":{"rendered":"","protected":false},"excerpt":{"rendered":"<p><span style=\"font-weight: 400;\">Srebrna kurtka o klasycznym kroju dopasowanej ramoneski. Kilka mo\u017cliwo\u015bci noszenia i zapinania. Posiada dwie boczne kieszenie oraz zamki na r\u0119kawach.<\/span><\/p>\n<p><span style=\"font-weight: 400;\">SK\u0141AD: 100% w\u0142oska sk\u00f3ra naturalna<\/span><\/p>\n<table style=\"height: 209px;\" width=\"487\">\n<tbody>\n<tr>\n<td><\/td>\n<td><span style=\"font-weight: 400;\">XS<\/span><\/td>\n<td><span style=\"font-weight: 400;\">S<\/span><\/td>\n<td><span style=\"font-weight: 400;\">M<\/span><\/td>\n<td><span style=\"font-weight: 400;\">L<\/span><\/td>\n<td><span style=\"font-weight: 400;\">XL<\/span><\/td>\n<td><span style=\"font-weight: 400;\">XXL<\/span><\/td>\n<\/tr>\n<tr>\n<td><span style=\"font-weight: 400;\">biust<\/span><\/td>\n<td><span style=\"font-weight: 400;\">86<\/span><\/td>\n<td><span style=\"font-weight: 400;\">90<\/span><\/td>\n<td><span style=\"font-weight: 400;\">94<\/span><\/td>\n<td><span style=\"font-weight: 400;\">98<\/span><\/td>\n<td><span style=\"font-weight: 400;\">102<\/span><\/td>\n<td><span style=\"font-weight: 400;\">106<\/span><\/td>\n<\/tr>\n<tr>\n<td><span style=\"font-weight: 400;\">talia<\/span><\/td>\n<td><span style=\"font-weight: 400;\">68<\/span><\/td>\n<td><span style=\"font-weight: 400;\">72<\/span><\/td>\n<td><span style=\"font-weight: 400;\">76<\/span><\/td>\n<td><span style=\"font-weight: 400;\">80<\/span><\/td>\n<td><span style=\"font-weight: 400;\">84<\/span><\/td>\n<td><span style=\"font-weight: 400;\">88<\/span><\/td>\n<\/tr>\n<tr>\n<td><span style=\"font-weight: 400;\">biodra<\/span><\/td>\n<td><span style=\"font-weight: 400;\">92<\/span><\/td>\n<td><span style=\"font-weight: 400;\">96<\/span><\/td>\n<td><span style=\"font-weight: 400;\">100<\/span><\/td>\n<td><span style=\"font-weight: 400;\">104<\/span><\/td>\n<td><span style=\"font-weight: 400;\">108<\/span><\/td>\n<td><span style=\"font-weight: 400;\">112<\/span><\/td>\n<\/tr>\n<\/tbody>\n<\/table>\n<p>Czas oczekiwania: do 14 dni roboczych<\/p>\n","protected":false},"featured_media":193,"comment_status":"open","ping_status":"closed","template":"","meta":[],"product_cat":[32],"product_tag":[],"class_list":{"0":"post-192","1":"product","2":"type-product","3":"status-publish","4":"has-post-thumbnail","6":"product_cat-kurtki","8":"first","9":"onbackorder","10":"shipping-taxable","11":"purchasable","12":"product-type-variable"},"_links":{"self":[{"href":"https:\/\/gracecollection.pl\/index.php?rest_route=\/wp\/v2\/product\/192","targetHints":{"allow":["GET"]}}],"collection":[{"href":"https:\/\/gracecollection.pl\/index.php?rest_route=\/wp\/v2\/product"}],"about":[{"href":"https:\/\/gracecollection.pl\/index.php?rest_route=\/wp\/v2\/types\/product"}],"replies":[{"embeddable":true,"href":"https:\/\/gracecollection.pl\/index.php?rest_route=%2Fwp%2Fv2%2Fcomments&post=192"}],"wp:featuredmedia":[{"embeddable":true,"href":"https:\/\/gracecollection.pl\/index.php?rest_route=\/wp\/v2\/media\/193"}],"wp:attachment":[{"href":"https:\/\/gracecollection.pl\/index.php?rest_route=%2Fwp%2Fv2%2Fmedia&parent=192"}],"wp:term":[{"taxonomy":"product_cat","embeddable":true,"href":"https:\/\/gracecollection.pl\/index.php?rest_route=%2Fwp%2Fv2%2Fproduct_cat&post=192"},{"taxonomy":"product_tag","embeddable":true,"href":"https:\/\/gracecollection.pl\/index.php?rest_route=%2Fwp%2Fv2%2Fproduct_tag&post=192"}],"curies":[{"name":"wp","href":"https:\/\/api.w.org\/{rel}","templated":true}]}}