{"id":1059,"date":"2025-10-14T14:54:54","date_gmt":"2025-10-14T12:54:54","guid":{"rendered":"https:\/\/gracecollection.pl\/?post_type=product&#038;p=1059"},"modified":"2025-10-14T20:12:18","modified_gmt":"2025-10-14T18:12:18","slug":"koszula-atlasowa-dluga","status":"publish","type":"product","link":"https:\/\/gracecollection.pl\/?product=koszula-atlasowa-dluga","title":{"rendered":"Koszula at\u0142asowa d\u0142uga"},"content":{"rendered":"","protected":false},"excerpt":{"rendered":"<p>Koszula at\u0142asowa d\u0142uga<\/p>\n<p>Koszula at\u0142asowa z dodatkiem jedwabiu w kolorze per\u0142owor\u00f3\u017cowym, d\u0142ugo\u015b\u0107 do polowy uda, rozporki po obu stronach, kt\u00f3re umo\u017cliwiaj\u0105, po rozpi\u0119ciu kilku guzik\u00f3w dolnych,\u00a0 zawi\u0105zanie koszuli z przodu. Wyrafinowana kobieca elegancja,\u00a0 do noszenia jako tunika ze spodniami, sp\u00f3dnic\u0105 &#8211; na luzie lub z paskiem, albo jako rozpi\u0119ta narzutka na sukienk\u0119. Lu\u017any kr\u00f3j wyszczuplaj\u0105cy sylwetk\u0119.<\/p>\n<p>Realizacja zam\u00f3wienia &#8211; 2 tygodnie od wp\u0142aty 50% zaliczki.<\/p>\n<p>Mo\u017cliwo\u015b\u0107 wyboru innych kolor\u00f3w.<\/p>\n<p>Cena: 590 z\u0142<\/p>\n","protected":false},"featured_media":1060,"comment_status":"open","ping_status":"closed","template":"","meta":[],"product_cat":[37],"product_tag":[],"class_list":{"0":"post-1059","1":"product","2":"type-product","3":"status-publish","4":"has-post-thumbnail","6":"product_cat-hity-nowosci","8":"first","9":"instock","10":"shipping-taxable","11":"product-type-simple"},"_links":{"self":[{"href":"https:\/\/gracecollection.pl\/index.php?rest_route=\/wp\/v2\/product\/1059","targetHints":{"allow":["GET"]}}],"collection":[{"href":"https:\/\/gracecollection.pl\/index.php?rest_route=\/wp\/v2\/product"}],"about":[{"href":"https:\/\/gracecollection.pl\/index.php?rest_route=\/wp\/v2\/types\/product"}],"replies":[{"embeddable":true,"href":"https:\/\/gracecollection.pl\/index.php?rest_route=%2Fwp%2Fv2%2Fcomments&post=1059"}],"wp:featuredmedia":[{"embeddable":true,"href":"https:\/\/gracecollection.pl\/index.php?rest_route=\/wp\/v2\/media\/1060"}],"wp:attachment":[{"href":"https:\/\/gracecollection.pl\/index.php?rest_route=%2Fwp%2Fv2%2Fmedia&parent=1059"}],"wp:term":[{"taxonomy":"product_cat","embeddable":true,"href":"https:\/\/gracecollection.pl\/index.php?rest_route=%2Fwp%2Fv2%2Fproduct_cat&post=1059"},{"taxonomy":"product_tag","embeddable":true,"href":"https:\/\/gracecollection.pl\/index.php?rest_route=%2Fwp%2Fv2%2Fproduct_tag&post=1059"}],"curies":[{"name":"wp","href":"https:\/\/api.w.org\/{rel}","templated":true}]}}