{"id":1054,"date":"2025-10-14T14:33:28","date_gmt":"2025-10-14T12:33:28","guid":{"rendered":"https:\/\/gracecollection.pl\/?post_type=product&#038;p=1054"},"modified":"2025-10-14T20:08:41","modified_gmt":"2025-10-14T18:08:41","slug":"spodnie-skorzane-fioletowe","status":"publish","type":"product","link":"https:\/\/gracecollection.pl\/?product=spodnie-skorzane-fioletowe","title":{"rendered":"Spodnie sk\u00f3rzane fioletowe"},"content":{"rendered":"","protected":false},"excerpt":{"rendered":"<p>Spodnie ze sk\u00f3ry naturalnej, nogawki lekko zw\u0119\u017cane do do\u0142u, w kolorze fioletowym, wysoki stan z paskiem, zamek b\u0142yskawiczny z przodu. Wygodne, mi\u0119kka sk\u00f3ra pi\u0119knie si\u0119 uk\u0142ada do sylwetki. Idealne do noszenie z topikiem, marynark\u0105 b\u0105d\u017a swetrem.<\/p>\n<p>Czas realizacji: 2 tygodnie od z\u0142o\u017cenia zam\u00f3wienia i wp\u0142aty 50% zaliczki na uszycie spodni.<\/p>\n<p>Mo\u017cliwo\u015b\u0107 wyboru w\u0142asnego koloru \u2013 do akceptacji<\/p>\n<p>Cena 1200 z\u0142<\/p>\n<p>&nbsp;<\/p>\n","protected":false},"featured_media":1056,"comment_status":"open","ping_status":"closed","template":"","meta":[],"product_cat":[37],"product_tag":[],"class_list":{"0":"post-1054","1":"product","2":"type-product","3":"status-publish","4":"has-post-thumbnail","6":"product_cat-hity-nowosci","8":"first","9":"instock","10":"shipping-taxable","11":"product-type-simple"},"_links":{"self":[{"href":"https:\/\/gracecollection.pl\/index.php?rest_route=\/wp\/v2\/product\/1054","targetHints":{"allow":["GET"]}}],"collection":[{"href":"https:\/\/gracecollection.pl\/index.php?rest_route=\/wp\/v2\/product"}],"about":[{"href":"https:\/\/gracecollection.pl\/index.php?rest_route=\/wp\/v2\/types\/product"}],"replies":[{"embeddable":true,"href":"https:\/\/gracecollection.pl\/index.php?rest_route=%2Fwp%2Fv2%2Fcomments&post=1054"}],"wp:featuredmedia":[{"embeddable":true,"href":"https:\/\/gracecollection.pl\/index.php?rest_route=\/wp\/v2\/media\/1056"}],"wp:attachment":[{"href":"https:\/\/gracecollection.pl\/index.php?rest_route=%2Fwp%2Fv2%2Fmedia&parent=1054"}],"wp:term":[{"taxonomy":"product_cat","embeddable":true,"href":"https:\/\/gracecollection.pl\/index.php?rest_route=%2Fwp%2Fv2%2Fproduct_cat&post=1054"},{"taxonomy":"product_tag","embeddable":true,"href":"https:\/\/gracecollection.pl\/index.php?rest_route=%2Fwp%2Fv2%2Fproduct_tag&post=1054"}],"curies":[{"name":"wp","href":"https:\/\/api.w.org\/{rel}","templated":true}]}}