{"id":1049,"date":"2025-10-14T13:54:22","date_gmt":"2025-10-14T11:54:22","guid":{"rendered":"https:\/\/gracecollection.pl\/?post_type=product&#038;p=1049"},"modified":"2025-10-14T19:57:41","modified_gmt":"2025-10-14T17:57:41","slug":"spodnie-skorzane-czarne","status":"publish","type":"product","link":"https:\/\/gracecollection.pl\/?product=spodnie-skorzane-czarne","title":{"rendered":"Spodnie sk\u00f3rzane czarne"},"content":{"rendered":"<div id='gallery-1' class='gallery galleryid-1049 gallery-columns-3 gallery-size-thumbnail'><figure class='gallery-item'>\n\t\t\t<div class='gallery-icon portrait'>\n\t\t\t\t<a href='https:\/\/gracecollection.pl\/?attachment_id=1048'><img loading=\"lazy\" decoding=\"async\" width=\"150\" height=\"150\" src=\"https:\/\/gracecollection.pl\/wp-content\/uploads\/2025\/10\/IMG_3066-150x150.jpg\" class=\"attachment-thumbnail size-thumbnail\" alt=\"\" srcset=\"https:\/\/gracecollection.pl\/wp-content\/uploads\/2025\/10\/IMG_3066-150x150.jpg 150w, https:\/\/gracecollection.pl\/wp-content\/uploads\/2025\/10\/IMG_3066-300x300.jpg 300w, https:\/\/gracecollection.pl\/wp-content\/uploads\/2025\/10\/IMG_3066-100x100.jpg 100w\" sizes=\"auto, (max-width: 150px) 100vw, 150px\" \/><\/a>\n\t\t\t<\/div><\/figure><figure class='gallery-item'>\n\t\t\t<div class='gallery-icon portrait'>\n\t\t\t\t<a href='https:\/\/gracecollection.pl\/?attachment_id=1047'><img loading=\"lazy\" decoding=\"async\" width=\"150\" height=\"150\" src=\"https:\/\/gracecollection.pl\/wp-content\/uploads\/2025\/10\/IMG_3072-150x150.jpg\" class=\"attachment-thumbnail size-thumbnail\" alt=\"\" srcset=\"https:\/\/gracecollection.pl\/wp-content\/uploads\/2025\/10\/IMG_3072-150x150.jpg 150w, https:\/\/gracecollection.pl\/wp-content\/uploads\/2025\/10\/IMG_3072-300x300.jpg 300w, https:\/\/gracecollection.pl\/wp-content\/uploads\/2025\/10\/IMG_3072-100x100.jpg 100w\" sizes=\"auto, (max-width: 150px) 100vw, 150px\" \/><\/a>\n\t\t\t<\/div><\/figure>\n\t\t<\/div>\n\n<p><img loading=\"lazy\" decoding=\"async\" class=\"alignnone size-medium wp-image-1047\" src=\"http:\/\/gracecollection.pl\/wp-content\/uploads\/2025\/10\/IMG_3072-158x300.jpg\" alt=\"\" width=\"158\" height=\"300\" srcset=\"https:\/\/gracecollection.pl\/wp-content\/uploads\/2025\/10\/IMG_3072-158x300.jpg 158w, https:\/\/gracecollection.pl\/wp-content\/uploads\/2025\/10\/IMG_3072.jpg 338w\" sizes=\"auto, (max-width: 158px) 100vw, 158px\" \/> <img loading=\"lazy\" decoding=\"async\" class=\"alignnone size-medium wp-image-1048\" src=\"http:\/\/gracecollection.pl\/wp-content\/uploads\/2025\/10\/IMG_3066-147x300.jpg\" alt=\"\" width=\"147\" height=\"300\" srcset=\"https:\/\/gracecollection.pl\/wp-content\/uploads\/2025\/10\/IMG_3066-147x300.jpg 147w, https:\/\/gracecollection.pl\/wp-content\/uploads\/2025\/10\/IMG_3066.jpg 314w\" sizes=\"auto, (max-width: 147px) 100vw, 147px\" \/><\/p>\n","protected":false},"excerpt":{"rendered":"<p>Spodnie ze sk\u00f3ry naturalnej typu &#8222;banan&#8221;, w czarnym kolorze, wysoki stan z paskiem, zamek b\u0142yskawiczny. Wygodne, mi\u0119kka sk\u00f3ra pi\u0119knie si\u0119 uk\u0142ada do sylwetki. Idealne do noszenie z topikiem, marynark\u0105 b\u0105d\u017a swetrem.<\/p>\n<p>Czas realizacji: 2 tygodnie od z\u0142o\u017cenia zam\u00f3wienia i wp\u0142aty 50% zaliczki na uszycie spodni.<\/p>\n<p>Mo\u017cliwo\u015b\u0107 wyboru w\u0142asnego koloru &#8211; do akceptacji<\/p>\n<p>Cena 1200 z\u0142<\/p>\n","protected":false},"featured_media":1052,"comment_status":"open","ping_status":"closed","template":"","meta":[],"product_cat":[37],"product_tag":[],"class_list":{"0":"post-1049","1":"product","2":"type-product","3":"status-publish","4":"has-post-thumbnail","6":"product_cat-hity-nowosci","8":"first","9":"instock","10":"shipping-taxable","11":"product-type-simple"},"_links":{"self":[{"href":"https:\/\/gracecollection.pl\/index.php?rest_route=\/wp\/v2\/product\/1049","targetHints":{"allow":["GET"]}}],"collection":[{"href":"https:\/\/gracecollection.pl\/index.php?rest_route=\/wp\/v2\/product"}],"about":[{"href":"https:\/\/gracecollection.pl\/index.php?rest_route=\/wp\/v2\/types\/product"}],"replies":[{"embeddable":true,"href":"https:\/\/gracecollection.pl\/index.php?rest_route=%2Fwp%2Fv2%2Fcomments&post=1049"}],"wp:featuredmedia":[{"embeddable":true,"href":"https:\/\/gracecollection.pl\/index.php?rest_route=\/wp\/v2\/media\/1052"}],"wp:attachment":[{"href":"https:\/\/gracecollection.pl\/index.php?rest_route=%2Fwp%2Fv2%2Fmedia&parent=1049"}],"wp:term":[{"taxonomy":"product_cat","embeddable":true,"href":"https:\/\/gracecollection.pl\/index.php?rest_route=%2Fwp%2Fv2%2Fproduct_cat&post=1049"},{"taxonomy":"product_tag","embeddable":true,"href":"https:\/\/gracecollection.pl\/index.php?rest_route=%2Fwp%2Fv2%2Fproduct_tag&post=1049"}],"curies":[{"name":"wp","href":"https:\/\/api.w.org\/{rel}","templated":true}]}}