{"id":1020,"date":"2023-12-11T18:45:37","date_gmt":"2023-12-11T17:45:37","guid":{"rendered":"https:\/\/gracecollection.pl\/?post_type=product&#038;p=1020"},"modified":"2023-12-11T18:52:11","modified_gmt":"2023-12-11T17:52:11","slug":"spodnica-skorzana-trapezowa-3","status":"publish","type":"product","link":"https:\/\/gracecollection.pl\/?product=spodnica-skorzana-trapezowa-3","title":{"rendered":"SP\u00d3DNICA SK\u00d3RZANA TRAPEZOWA"},"content":{"rendered":"","protected":false},"excerpt":{"rendered":"<p>Sp\u00f3dniczka trapezowa, z ozdobnym przeszyciami z przodu i z ty\u0142u, z naturalnej skory licowej, bardzo mi\u0119kkiej i wygodnej, w kolorze czarnym. Wysoki stan, dopasowany kr\u00f3j podkre\u015blaj\u0105cy tali\u0119, d\u00f3\u0142 lekko rozkloszowany, ozdobne st\u0119bnowanie wzd\u0142u\u017c ci\u0119\u0107. D\u00f3\u0142 sp\u00f3dniczki wyko\u0144czony falbank\u0105 z wycinanej sk\u00f3ry syntetycznej.<\/p>\n<p>ZAMO\u0301W TERAZ ROZMIAR\u2026<\/p>\n<table width=\"487\">\n<tbody>\n<tr>\n<td><\/td>\n<td>XS<\/td>\n<td>S<\/td>\n<td>M<\/td>\n<td>L<\/td>\n<td>XL<\/td>\n<td>XXL<\/td>\n<\/tr>\n<tr>\n<td>biust<\/td>\n<td>86<\/td>\n<td>90<\/td>\n<td>94<\/td>\n<td>98<\/td>\n<td>102<\/td>\n<td>106<\/td>\n<\/tr>\n<tr>\n<td>talia<\/td>\n<td>68<\/td>\n<td>72<\/td>\n<td>76<\/td>\n<td>80<\/td>\n<td>84<\/td>\n<td>88<\/td>\n<\/tr>\n<tr>\n<td>biodra<\/td>\n<td>92<\/td>\n<td>96<\/td>\n<td>100<\/td>\n<td>104<\/td>\n<td>108<\/td>\n<td>112<\/td>\n<\/tr>\n<\/tbody>\n<\/table>\n<p>Czas oczekiwania: do 14 dni roboczych<\/p>\n","protected":false},"featured_media":1027,"comment_status":"open","ping_status":"closed","template":"","meta":[],"product_cat":[37],"product_tag":[],"class_list":{"0":"post-1020","1":"product","2":"type-product","3":"status-publish","4":"has-post-thumbnail","6":"product_cat-hity-nowosci","8":"first","9":"onbackorder","10":"shipping-taxable","11":"purchasable","12":"product-type-variable"},"_links":{"self":[{"href":"https:\/\/gracecollection.pl\/index.php?rest_route=\/wp\/v2\/product\/1020","targetHints":{"allow":["GET"]}}],"collection":[{"href":"https:\/\/gracecollection.pl\/index.php?rest_route=\/wp\/v2\/product"}],"about":[{"href":"https:\/\/gracecollection.pl\/index.php?rest_route=\/wp\/v2\/types\/product"}],"replies":[{"embeddable":true,"href":"https:\/\/gracecollection.pl\/index.php?rest_route=%2Fwp%2Fv2%2Fcomments&post=1020"}],"wp:featuredmedia":[{"embeddable":true,"href":"https:\/\/gracecollection.pl\/index.php?rest_route=\/wp\/v2\/media\/1027"}],"wp:attachment":[{"href":"https:\/\/gracecollection.pl\/index.php?rest_route=%2Fwp%2Fv2%2Fmedia&parent=1020"}],"wp:term":[{"taxonomy":"product_cat","embeddable":true,"href":"https:\/\/gracecollection.pl\/index.php?rest_route=%2Fwp%2Fv2%2Fproduct_cat&post=1020"},{"taxonomy":"product_tag","embeddable":true,"href":"https:\/\/gracecollection.pl\/index.php?rest_route=%2Fwp%2Fv2%2Fproduct_tag&post=1020"}],"curies":[{"name":"wp","href":"https:\/\/api.w.org\/{rel}","templated":true}]}}