{"id":1000,"date":"2023-12-11T18:37:17","date_gmt":"2023-12-11T17:37:17","guid":{"rendered":"https:\/\/gracecollection.pl\/?post_type=product&#038;p=1000"},"modified":"2023-12-11T18:40:21","modified_gmt":"2023-12-11T17:40:21","slug":"spodnica-skorzana-11","status":"publish","type":"product","link":"https:\/\/gracecollection.pl\/?product=spodnica-skorzana-11","title":{"rendered":"SP\u00d3DNICA SK\u00d3RZANA"},"content":{"rendered":"","protected":false},"excerpt":{"rendered":"<p>Sp\u00f3dniczka o\u0142\u00f3wkowa midi z naturalnej skory licowej, t\u0142oczonej w delikatny nadruk, bardzo mi\u0119kkiej i wygodnej w kolorze granatowym. Wysoki stan, dopasowany kr\u00f3j, z przodu przeci\u0119cie z ozdobnymi guzikami i zaokr\u0105glonym rozci\u0119ciem, z ty\u0142u rozporek zapinany na zamek.<span class=\"Apple-converted-space\">\u00a0<\/span><\/p>\n<p>ROZMIAR: M (JEDYNY EGZEMPLARZ)<\/p>\n<table width=\"487\">\n<tbody>\n<tr>\n<td><\/td>\n<td>XS<\/td>\n<td>S<\/td>\n<td>M<\/td>\n<td>L<\/td>\n<td>XL<\/td>\n<td>XXL<\/td>\n<\/tr>\n<tr>\n<td>biust<\/td>\n<td>86<\/td>\n<td>90<\/td>\n<td>94<\/td>\n<td>98<\/td>\n<td>102<\/td>\n<td>106<\/td>\n<\/tr>\n<tr>\n<td>talia<\/td>\n<td>68<\/td>\n<td>72<\/td>\n<td>76<\/td>\n<td>80<\/td>\n<td>84<\/td>\n<td>88<\/td>\n<\/tr>\n<tr>\n<td>biodra<\/td>\n<td>92<\/td>\n<td>96<\/td>\n<td>100<\/td>\n<td>104<\/td>\n<td>108<\/td>\n<td>112<\/td>\n<\/tr>\n<\/tbody>\n<\/table>\n<p>&nbsp;<\/p>\n","protected":false},"featured_media":1002,"comment_status":"open","ping_status":"closed","template":"","meta":[],"product_cat":[37],"product_tag":[],"class_list":{"0":"post-1000","1":"product","2":"type-product","3":"status-publish","4":"has-post-thumbnail","6":"product_cat-hity-nowosci","8":"first","9":"instock","10":"shipping-taxable","11":"purchasable","12":"product-type-variable"},"_links":{"self":[{"href":"https:\/\/gracecollection.pl\/index.php?rest_route=\/wp\/v2\/product\/1000","targetHints":{"allow":["GET"]}}],"collection":[{"href":"https:\/\/gracecollection.pl\/index.php?rest_route=\/wp\/v2\/product"}],"about":[{"href":"https:\/\/gracecollection.pl\/index.php?rest_route=\/wp\/v2\/types\/product"}],"replies":[{"embeddable":true,"href":"https:\/\/gracecollection.pl\/index.php?rest_route=%2Fwp%2Fv2%2Fcomments&post=1000"}],"wp:featuredmedia":[{"embeddable":true,"href":"https:\/\/gracecollection.pl\/index.php?rest_route=\/wp\/v2\/media\/1002"}],"wp:attachment":[{"href":"https:\/\/gracecollection.pl\/index.php?rest_route=%2Fwp%2Fv2%2Fmedia&parent=1000"}],"wp:term":[{"taxonomy":"product_cat","embeddable":true,"href":"https:\/\/gracecollection.pl\/index.php?rest_route=%2Fwp%2Fv2%2Fproduct_cat&post=1000"},{"taxonomy":"product_tag","embeddable":true,"href":"https:\/\/gracecollection.pl\/index.php?rest_route=%2Fwp%2Fv2%2Fproduct_tag&post=1000"}],"curies":[{"name":"wp","href":"https:\/\/api.w.org\/{rel}","templated":true}]}}